{"id":69,"date":"2020-01-27T08:05:29","date_gmt":"2020-01-27T08:05:29","guid":{"rendered":"https:\/\/demosites.io\/marketing-agency-gb\/?page_id=69"},"modified":"2026-04-09T09:54:39","modified_gmt":"2026-04-09T14:54:39","slug":"bcd31-portfolio","status":"publish","type":"page","link":"https:\/\/solaing.com\/mantenimiento\/bcd31-portfolio\/","title":{"rendered":"SERVICIOS"},"content":{"rendered":"\n<p>ASDJJKHDD<\/p>\n\n\n\n<div class=\"wp-block-cover alignfull\" style=\"padding-top:0;padding-bottom:0;min-height:341px;aspect-ratio:unset;\"><span aria-hidden=\"true\" class=\"wp-block-cover__background has-nv-light-bg-background-color has-background-dim-100 has-background-dim\"><\/span><div class=\"wp-block-cover__inner-container is-layout-flow wp-block-cover-is-layout-flow\">\n<div class=\"wp-block-group\"><div class=\"wp-block-group__inner-container is-layout-flow wp-block-group-is-layout-flow\">\n<div class=\"wp-block-columns is-layout-flex wp-container-core-columns-is-layout-62db62f3 wp-block-columns-is-layout-flex\" style=\"padding-top:0;padding-bottom:0\">\n<div class=\"wp-block-column is-layout-flow wp-block-column-is-layout-flow\">\n<div class=\"wp-block-columns is-layout-flex wp-container-core-columns-is-layout-9d6595d7 wp-block-columns-is-layout-flex\">\n<div class=\"wp-block-column is-vertically-aligned-center is-layout-flow wp-block-column-is-layout-flow\">\n<div class=\"wp-block-cover alignwide has-custom-content-position is-position-bottom-left\" style=\"border-radius:16px;padding-top:var(--wp--preset--spacing--50);padding-right:var(--wp--preset--spacing--40);padding-bottom:var(--wp--preset--spacing--50);padding-left:var(--wp--preset--spacing--40);min-height:184px;aspect-ratio:unset;\"><img loading=\"lazy\" decoding=\"async\" width=\"1024\" height=\"292\" class=\"wp-block-cover__image-background wp-image-1010 size-large\" alt=\"\" src=\"https:\/\/solaing.com\/wp-content\/uploads\/2026\/02\/avaya-logo-1024x292.webp\" style=\"object-position:25% 29%\" data-object-fit=\"cover\" data-object-position=\"25% 29%\" srcset=\"https:\/\/solaing.com\/wp-content\/uploads\/2026\/02\/avaya-logo-1024x292.webp 1024w, https:\/\/solaing.com\/wp-content\/uploads\/2026\/02\/avaya-logo-300x86.webp 300w, https:\/\/solaing.com\/wp-content\/uploads\/2026\/02\/avaya-logo-768x219.webp 768w, https:\/\/solaing.com\/wp-content\/uploads\/2026\/02\/avaya-logo-1536x439.webp 1536w, https:\/\/solaing.com\/wp-content\/uploads\/2026\/02\/avaya-logo-2048x585.webp 2048w\" sizes=\"auto, (max-width: 1024px) 100vw, 1024px\" \/><span aria-hidden=\"true\" class=\"wp-block-cover__background has-black-background-color has-background-dim-40 has-background-dim\"><\/span><div class=\"wp-block-cover__inner-container is-layout-constrained wp-container-core-cover-is-layout-df6a2092 wp-block-cover-is-layout-constrained\">\n<h2 class=\"wp-block-heading has-large-font-size\">AVAYA<\/h2>\n\n\n\n<div class=\"wp-block-buttons has-custom-font-size has-small-font-size is-content-justification-left is-layout-flex wp-container-core-buttons-is-layout-fdcfc74e wp-block-buttons-is-layout-flex\">\n<div class=\"wp-block-button is-style-secondary\"><a class=\"wp-block-button__link has-nv-text-dark-bg-color has-text-color has-link-color has-custom-font-size wp-element-button\" href=\"https:\/\/solaing.com\/portfolio-single\/\" style=\"font-size:16px\">Learn more<\/a><\/div>\n<\/div>\n<\/div><\/div>\n<\/div>\n\n\n\n<div class=\"wp-block-column is-vertically-aligned-center is-layout-flow wp-block-column-is-layout-flow\">\n<div class=\"wp-block-cover alignwide has-custom-content-position is-position-bottom-left\" style=\"border-top-left-radius:16px;border-top-right-radius:16px;border-bottom-left-radius:16px;border-bottom-right-radius:16px;padding-top:var(--wp--preset--spacing--40);padding-right:var(--wp--preset--spacing--40);padding-bottom:var(--wp--preset--spacing--40);padding-left:var(--wp--preset--spacing--40);min-height:207px;aspect-ratio:unset;\"><img loading=\"lazy\" decoding=\"async\" width=\"1024\" height=\"345\" class=\"wp-block-cover__image-background wp-image-1011 size-large\" alt=\"\" src=\"https:\/\/solaing.com\/wp-content\/uploads\/2026\/02\/cloudflare-logo-1024x345.webp\" style=\"object-position:42% 49%\" data-object-fit=\"cover\" data-object-position=\"42% 49%\" srcset=\"https:\/\/solaing.com\/wp-content\/uploads\/2026\/02\/cloudflare-logo-1024x345.webp 1024w, https:\/\/solaing.com\/wp-content\/uploads\/2026\/02\/cloudflare-logo-300x101.webp 300w, https:\/\/solaing.com\/wp-content\/uploads\/2026\/02\/cloudflare-logo-768x259.webp 768w, https:\/\/solaing.com\/wp-content\/uploads\/2026\/02\/cloudflare-logo-1536x517.webp 1536w, https:\/\/solaing.com\/wp-content\/uploads\/2026\/02\/cloudflare-logo-2048x690.webp 2048w\" sizes=\"auto, (max-width: 1024px) 100vw, 1024px\" \/><span aria-hidden=\"true\" class=\"wp-block-cover__background has-black-background-color has-background-dim-40 has-background-dim\"><\/span><div class=\"wp-block-cover__inner-container is-layout-constrained wp-container-core-cover-is-layout-af10a197 wp-block-cover-is-layout-constrained\">\n<h2 class=\"wp-block-heading has-large-font-size\">CloudFlare<\/h2>\n\n\n\n<div class=\"wp-block-buttons has-custom-font-size has-small-font-size is-content-justification-left is-layout-flex wp-container-core-buttons-is-layout-fdcfc74e wp-block-buttons-is-layout-flex\">\n<div class=\"wp-block-button is-style-secondary\"><a class=\"wp-block-button__link has-nv-text-dark-bg-color has-text-color has-link-color has-custom-font-size wp-element-button\" href=\"https:\/\/solaing.com\/portfolio-single\/\" style=\"font-size:16px\">Learn more<\/a><\/div>\n<\/div>\n<\/div><\/div>\n<\/div>\n<\/div>\n<\/div>\n<\/div>\n\n\n\n<div class=\"wp-block-columns is-layout-flex wp-container-core-columns-is-layout-9d6595d7 wp-block-columns-is-layout-flex\">\n<div class=\"wp-block-column is-layout-flow wp-block-column-is-layout-flow\"><\/div>\n\n\n\n<div class=\"wp-block-column is-layout-flow wp-block-column-is-layout-flow\"><\/div>\n<\/div>\n<\/div><\/div>\n<\/div><\/div>\n\n\n\n<div class=\"wp-block-cover alignfull has-neve-text-color-color has-text-color has-link-color wp-elements-fc8541a690f787eba71877993cbf978a\" style=\"padding-top:0;padding-bottom:0;min-height:577px;aspect-ratio:unset;\"><span aria-hidden=\"true\" class=\"wp-block-cover__background has-nv-site-bg-background-color has-background-dim-100 has-background-dim\"><\/span><div class=\"wp-block-cover__inner-container is-layout-flow wp-block-cover-is-layout-flow\">\n<h2 class=\"wp-block-heading has-text-align-center\"><em>SERVICIOS DE SOPORTE<\/em><\/h2>\n\n\n\n<div class=\"wp-block-columns is-layout-flex wp-container-core-columns-is-layout-9d6595d7 wp-block-columns-is-layout-flex\">\n<div class=\"wp-block-column is-vertically-aligned-center neve-duotone is-layout-flow wp-block-column-is-layout-flow\" style=\"padding-right:var(--wp--preset--spacing--30);padding-left:var(--wp--preset--spacing--30);font-style:italic;font-weight:400\"><div class=\"wp-block-image icon-style is-style-default wp-duotone-unset-1\">\n<figure class=\"aligncenter size-full is-resized has-custom-border\"><img loading=\"lazy\" decoding=\"async\" width=\"640\" height=\"640\" src=\"https:\/\/solaing.com\/wp-content\/uploads\/2026\/04\/mesa-de-ayuda.gif\" alt=\"\" class=\"wp-image-1208\" style=\"border-radius:0px;width:96px;height:auto\" title=\"\"\/><\/figure>\n<\/div>\n\n\n<h3 class=\"wp-block-heading has-text-align-center has-neve-text-color-color has-text-color\">Mesa de Ayuda<\/h3>\n\n\n\n<p class=\"has-text-align-center\">El servicio de mesa de ayuda garantiza que siempre tengas apoyo cuando m\u00e1s lo necesitas. Nuestro equipo est\u00e1 disponible para resolver cualquier inconveniente.<\/p>\n<\/div>\n\n\n\n<div class=\"wp-block-column is-vertically-aligned-center is-layout-flow wp-block-column-is-layout-flow\" style=\"padding-right:var(--wp--preset--spacing--30);padding-left:var(--wp--preset--spacing--30);font-style:italic;font-weight:400\"><div class=\"wp-block-image icon-style is-style-default\">\n<figure class=\"aligncenter size-full is-resized has-custom-border\"><img loading=\"lazy\" decoding=\"async\" width=\"640\" height=\"640\" src=\"https:\/\/solaing.com\/wp-content\/uploads\/2026\/04\/resolucion-de-problemas.gif\" alt=\"\" class=\"wp-image-1207\" style=\"border-radius:0px;width:96px\" title=\"\"\/><\/figure>\n<\/div>\n\n\n<h3 class=\"wp-block-heading has-text-align-center has-neve-text-color-color has-text-color\">Gesti\u00f3n de Casos<\/h3>\n\n\n\n<p class=\"has-text-align-center\">Clasificamos y gestionamos tus solicitudes seg\u00fan su prioridad y severidad, asegurando que los problemas m\u00e1s cr\u00edticos se resuelvan con la m\u00e1xima rapidez.<\/p>\n<\/div>\n\n\n\n<div class=\"wp-block-column is-vertically-aligned-center is-layout-flow wp-block-column-is-layout-flow\" style=\"padding-top:0;padding-right:var(--wp--preset--spacing--30);padding-bottom:0;padding-left:var(--wp--preset--spacing--30);font-style:italic;font-weight:400\"><div class=\"wp-block-image icon-style is-style-default wp-duotone-unset-2\">\n<figure class=\"aligncenter size-full is-resized has-custom-border\"><img loading=\"lazy\" decoding=\"async\" width=\"640\" height=\"640\" src=\"https:\/\/solaing.com\/wp-content\/uploads\/2026\/04\/apoyo-1.gif\" alt=\"\" class=\"wp-image-1210\" style=\"border-radius:0px;width:96px\" title=\"\"\/><\/figure>\n<\/div>\n\n\n<h3 class=\"wp-block-heading has-text-align-center has-neve-text-color-color has-text-color\">Soporte T\u00e9cnico Remoto<\/h3>\n\n\n\n<p class=\"has-text-align-center\">Ofrecemos asistencia t\u00e9cnica remota para solucionar problemas de hardware y software de manera eficiente, sin necesidad de visitas f\u00edsicas.<\/p>\n<\/div>\n\n\n\n<div class=\"wp-block-column is-vertically-aligned-center is-layout-flow wp-block-column-is-layout-flow\" style=\"padding-right:var(--wp--preset--spacing--30);padding-left:var(--wp--preset--spacing--30);font-style:italic;font-weight:400\"><div class=\"wp-block-image icon-style is-style-default wp-duotone-unset-3\">\n<figure class=\"aligncenter size-full is-resized has-custom-border\"><img loading=\"lazy\" decoding=\"async\" width=\"640\" height=\"640\" src=\"https:\/\/solaing.com\/wp-content\/uploads\/2026\/04\/capacitacion.gif\" alt=\"\" class=\"wp-image-1206\" style=\"border-radius:0px;width:96px\" title=\"\"\/><\/figure>\n<\/div>\n\n\n<h3 class=\"wp-block-heading has-text-align-center has-neve-text-color-color has-text-color\">Capacitaci\u00f3n Personalizada<\/h3>\n\n\n\n<p class=\"has-text-align-center\">Brindamos capacitaciones a tu personal para que puedan manejar mejor las herramientas y tecnolog\u00edas que utilizas.<\/p>\n<\/div>\n<\/div>\n\n\n\n<div class=\"wp-block-group\"><div class=\"wp-block-group__inner-container is-layout-flow wp-block-group-is-layout-flow\">\n<div class=\"wp-block-columns are-vertically-aligned-center is-layout-flex wp-container-core-columns-is-layout-9d6595d7 wp-block-columns-is-layout-flex\">\n<div class=\"wp-block-column is-layout-flow wp-block-column-is-layout-flow\"><\/div>\n<\/div>\n<\/div><\/div>\n<\/div><\/div>\n\n\n\n<p><\/p>\n","protected":false},"excerpt":{"rendered":"<p>ASDJJKHDD<\/p>\n","protected":false},"author":3,"featured_media":0,"parent":0,"menu_order":0,"comment_status":"closed","ping_status":"closed","template":"","meta":{"neve_meta_sidebar":"full-width","neve_meta_container":"","neve_meta_enable_content_width":"on","neve_meta_content_width":100,"neve_meta_title_alignment":"","neve_meta_author_avatar":"","neve_post_elements_order":"","neve_meta_disable_header":"","neve_meta_disable_footer":"","neve_meta_disable_title":"on","_themeisle_gutenberg_block_has_review":false,"_joinchat":[],"footnotes":""},"class_list":["post-69","page","type-page","status-publish","hentry"],"_links":{"self":[{"href":"https:\/\/solaing.com\/mantenimiento\/wp-json\/wp\/v2\/pages\/69","targetHints":{"allow":["GET"]}}],"collection":[{"href":"https:\/\/solaing.com\/mantenimiento\/wp-json\/wp\/v2\/pages"}],"about":[{"href":"https:\/\/solaing.com\/mantenimiento\/wp-json\/wp\/v2\/types\/page"}],"author":[{"embeddable":true,"href":"https:\/\/solaing.com\/mantenimiento\/wp-json\/wp\/v2\/users\/3"}],"replies":[{"embeddable":true,"href":"https:\/\/solaing.com\/mantenimiento\/wp-json\/wp\/v2\/comments?post=69"}],"version-history":[{"count":8,"href":"https:\/\/solaing.com\/mantenimiento\/wp-json\/wp\/v2\/pages\/69\/revisions"}],"predecessor-version":[{"id":1216,"href":"https:\/\/solaing.com\/mantenimiento\/wp-json\/wp\/v2\/pages\/69\/revisions\/1216"}],"wp:attachment":[{"href":"https:\/\/solaing.com\/mantenimiento\/wp-json\/wp\/v2\/media?parent=69"}],"curies":[{"name":"wp","href":"https:\/\/api.w.org\/{rel}","templated":true}]}}